{"id":13873,"date":"2020-04-14T14:48:53","date_gmt":"2020-04-14T12:48:53","guid":{"rendered":"https:\/\/torsionxsuramerica.com\/por\/?page_id=13873"},"modified":"2021-12-09T21:17:16","modified_gmt":"2021-12-09T20:17:16","slug":"torq-comm","status":"publish","type":"page","link":"https:\/\/torsionxsuramerica.com\/por\/torq-comm\/","title":{"rendered":"Torq-comm"},"content":{"rendered":"<div class=\"wpb-content-wrapper\"><p>[vc_row][vc_column][vc_empty_space][vc_single_image image=&#8221;13913&#8243; img_size=&#8221;large&#8221; alignment=&#8221;center&#8221;][vc_row_inner equal_height=&#8221;yes&#8221; content_placement=&#8221;middle&#8221;][vc_column_inner][vc_column_text]<\/p>\n<p id=\"tw-target-text\" class=\"tw-data-text tw-text-large tw-ta\" dir=\"ltr\" data-placeholder=\"Traducci\u00f3n\"><strong><span lang=\"pt\">Sistema de Gest\u00e3o da Integridade de Juntas Aparafusadas &#8220;Torq-Comm&#8221;.<br \/>\nTecnologia Revolucion\u00e1ria para Gerenciamento e Coleta de Dados nos Processos de Torque em Juntas Aparafusadas.<br \/>\n<\/span><\/strong><\/p>\n<p id=\"tw-target-text\" class=\"tw-data-text tw-text-large tw-ta\" dir=\"ltr\" data-placeholder=\"Traducci\u00f3n\"><span lang=\"pt\">A linha Commander inovadora do Torq Comm consiste em quatro modelos robustos de for\u00e7a industrial, PCs port\u00e1teis projetados especificamente para uso em aplica\u00e7\u00f5es de aparafusamento industrial. Devido \u00e0s atmosferas explosivas frequentemente encontradas em tais aplica\u00e7\u00f5es, as unidades XT1000 \/ 2000 EXP atendem aos padr\u00f5es de seguran\u00e7a e atendem aos requisitos do padr\u00e3o ATEX.<\/span><\/p>\n<p>\u00c0 medida que mais e mais clientes insistem em ter rastreabilidade total para juntas aparafusadas em cada um de seus ativos, est\u00e1 se tornando cada vez mais importante ter solu\u00e7\u00f5es de hardware e software confi\u00e1veis \u200b\u200bpara coletar, armazenar e processar dados de maneira adequada.<\/p>\n<p>Com tr\u00eas modos para criar tarefas de trabalho dependendo da experi\u00eancia do usu\u00e1rio, instru\u00e7\u00f5es de trabalho na palma da sua m\u00e3o e a capacidade de atribuir e redefinir valores de torque remotamente e sem fio (WiFi Bluetooth, 3G \/ 4G) a uma dist\u00e2ncia de at\u00e9 80 p\u00e9s em apenas 5 segundos. Este produto com patente pendente vai revolucionar os parafusos industriais. Armazenar dados em tempo real na &#8220;nuvem&#8221; pode literalmente permitir que um supervisor em Londres monitore uma opera\u00e7\u00e3o de parafusamento em Dubai em seu computador enquanto a opera\u00e7\u00e3o est\u00e1 ocorrendo em tempo real. O scanner RFID de c\u00f3digo de barras \/ QR e a c\u00e2mera de alta resolu\u00e7\u00e3o permitem que cada etapa do processo seja gravada de forma r\u00e1pida, eficiente e sem erros.<\/p>\n<p>[\/vc_column_text][vc_empty_space height=&#8221;15px&#8221;]<a href=\"http:\/\/torsionxsuramerica.com\/por\/wp-content\/uploads\/2020\/04\/TorqCommBrochure5-Spanish.pdf\" target=\"_blank\" title=\"\"  data-id=\"mpc_button-986a0912824c656\" class=\"mpc-button mpc-init mpc-transition mpc-typography--mpc_preset_20 \" ><div class=\"mpc-button__content mpc-effect-type--none mpc-effect-side--none\"><span class=\"mpc-button__title mpc-transition\">Baixar folheto<\/span><\/div><div class=\"mpc-button__background mpc-transition mpc-effect-type--slide mpc-effect-side--bottom\"><\/div><\/a>[\/vc_column_inner][\/vc_row_inner][vc_empty_space][vc_row_inner][vc_column_inner width=&#8221;1\/2&#8243;][vc_single_image image=&#8221;13874&#8243; img_size=&#8221;full&#8221; alignment=&#8221;center&#8221;][\/vc_column_inner][vc_column_inner width=&#8221;1\/2&#8243;][vc_single_image image=&#8221;13915&#8243; img_size=&#8221;full&#8221; alignment=&#8221;center&#8221;][\/vc_column_inner][\/vc_row_inner][vc_empty_space][\/vc_column][\/vc_row][vc_row][vc_column width=&#8221;1\/6&#8243;][\/vc_column][vc_column width=&#8221;2\/3&#8243;][vc_raw_html]JTNDaWZyYW1lJTIwd2lkdGglM0QlMjIxMDAlMjUlMjIlMjBoZWlnaHQlM0QlMjIzMTUlMjIlMjBzcmMlM0QlMjJodHRwcyUzQSUyRiUyRnd3dy55b3V0dWJlLmNvbSUyRmVtYmVkJTJGb1JSSlpvN3hyREElMjIlMjBmcmFtZWJvcmRlciUzRCUyMjAlMjIlMjBhbGxvdyUzRCUyMmFjY2VsZXJvbWV0ZXIlM0IlMjBhdXRvcGxheSUzQiUyMGVuY3J5cHRlZC1tZWRpYSUzQiUyMGd5cm9zY29wZSUzQiUyMHBpY3R1cmUtaW4tcGljdHVyZSUyMiUyMGFsbG93ZnVsbHNjcmVlbiUzRSUzQyUyRmlmcmFtZSUzRQ==[\/vc_raw_html][\/vc_column][vc_column width=&#8221;1\/6&#8243;][\/vc_column][\/vc_row][vc_row full_width=&#8221;stretch_row_content_no_spaces&#8221;][vc_column]<div data-id=\"mpc_callout-366a0912824c6e1\" class=\"mpc-callout mpc-init mpc-callout--style_5 \" ><div class=\"mpc-callout__content\"><h3 class=\"mpc-callout__heading mpc-typography--mpc_preset_17\">Voc\u00ea est\u00e1 interessado neste produto?<\/h3><\/div><div class=\"mpc-callout__icon-wrap\"><div class=\"mpc-callout__icon\"><i class=\"mpc-transition \"><\/i><\/div><\/div><div class=\"mpc-callout__button\"><a href=\"http:\/\/torsionxsuramerica.com\/por\/contato\/\" title=\"\"  data-id=\"mpc_button-596a0912824c70c\" class=\"mpc-button mpc-init mpc-transition mpc-animation mpc-typography--mpc_preset_20 \"  data-animation-loop=\"callout.bounce||1550||1500\" data-animation-hover=\"1\"><div class=\"mpc-button__content mpc-effect-type--none mpc-effect-side--none\"><span class=\"mpc-button__title mpc-transition\">FA\u00c7A UM OR\u00c7AMENTO.<\/span><\/div><div class=\"mpc-button__background mpc-transition mpc-effect-type--expand mpc-effect-side--diagonal_left\"><\/div><\/a><\/div><\/div>[\/vc_column][\/vc_row][vc_row disable_element=&#8221;yes&#8221;][vc_column][vc_empty_space height=&#8221;70px&#8221;][vc_column_text]<\/p>\n<h2 style=\"text-align: center;\">Productos relacionados<\/h2>\n<p>[\/vc_column_text][vc_row_inner][vc_column_inner width=&#8221;1\/5&#8243;][vc_single_image image=&#8221;13307&#8243; img_size=&#8221;full&#8221; alignment=&#8221;center&#8221;][vc_column_text]<\/p>\n<p style=\"text-align: center;\"><strong>Llave de Torque Hidr\u00e1ulica Cuadrante TSA-.7MD<\/strong><\/p>\n<p style=\"text-align: center;\"><strong>Rango de Torque:<\/strong>\u00a064\u2014793 Ft-lbs \u00a0(86\u20141,076 Nm)<br \/>\n<strong>Peso:<\/strong>\u00a03 Lb<\/p>\n<p>[\/vc_column_text][\/vc_column_inner][vc_column_inner width=&#8221;1\/5&#8243;][vc_single_image image=&#8221;13319&#8243; img_size=&#8221;full&#8221; alignment=&#8221;center&#8221;][vc_column_text]<\/p>\n<p style=\"text-align: center;\"><strong>Llave de Torque Hidr\u00e1ulica Cuadrante TSA-1MD<\/strong><\/p>\n<p style=\"text-align: center;\"><strong>Rango de Torque:<\/strong>\u00a0125\u20141,318 Ft-lbs \u00a0(169\u20141,787 Nm)<br \/>\n<strong>Peso:\u00a0<\/strong>5 Lb<\/p>\n<p>[\/vc_column_text][\/vc_column_inner][vc_column_inner width=&#8221;1\/5&#8243;][vc_single_image image=&#8221;13320&#8243; img_size=&#8221;full&#8221; alignment=&#8221;center&#8221;][vc_column_text]<\/p>\n<p style=\"text-align: center;\"><strong>Llave de Torque Hidr\u00e1ulica Cuadrante TSA-3MD<\/strong><\/p>\n<p style=\"text-align: center;\"><strong>Rango de Torque:<\/strong>\u00a0270\u20143,030 Ft-lbs \u00a0(366\u20144,108 Nm)<br \/>\n<strong>Peso:<\/strong>\u00a011 Lb<\/p>\n<p>[\/vc_column_text][\/vc_column_inner][vc_column_inner width=&#8221;1\/5&#8243;][vc_single_image image=&#8221;13321&#8243; img_size=&#8221;full&#8221; alignment=&#8221;center&#8221;][vc_column_text]<\/p>\n<p style=\"text-align: center;\"><strong>Llave de Torque Hidr\u00e1ulica Cuadrante TSA-5MD<\/strong><\/p>\n<p style=\"text-align: center;\"><strong>Rango de Torque:<\/strong>\u00a0538\u20145,480 Ft-lbs \u00a0(729\u20147,430 Nm)<br \/>\n<strong>Peso:<\/strong>\u00a018 Lb<\/p>\n<p>[\/vc_column_text][\/vc_column_inner][vc_column_inner width=&#8221;1\/5&#8243;][vc_single_image image=&#8221;13322&#8243; img_size=&#8221;full&#8221; alignment=&#8221;center&#8221;][vc_column_text]<\/p>\n<p style=\"text-align: center;\"><strong>Llave de Torque Hidr\u00e1ulica Cuadrante TSA-8IBT<\/strong><\/p>\n<p style=\"text-align: center;\"><strong>Rango de Torque:<\/strong>\u00a0750\u20147,500 Ft-lbs \u00a0(1,017\u201410,169 Nm)<br \/>\n<strong>Peso:<\/strong>\u00a024 Lb<\/p>\n<p>[\/vc_column_text][\/vc_column_inner][\/vc_row_inner][vc_row_inner][vc_column_inner width=&#8221;1\/5&#8243;][vc_single_image image=&#8221;13323&#8243; img_size=&#8221;full&#8221; alignment=&#8221;center&#8221;][vc_column_text]<\/p>\n<p style=\"text-align: center;\"><strong>Llave de Torque Hidr\u00e1ulica Cuadrante TSA-10MD<\/strong><\/p>\n<p style=\"text-align: center;\"><strong>Rango de Torque<\/strong>: 1,050\u201411,206 Ft-lbs \u00a0(1,424\u201415,193 Nm)<br \/>\n<strong>Peso:\u00a0<\/strong>61 Lb<\/p>\n<p>[\/vc_column_text][\/vc_column_inner][vc_column_inner width=&#8221;1\/5&#8243;][vc_single_image image=&#8221;13324&#8243; img_size=&#8221;full&#8221; alignment=&#8221;center&#8221;][vc_column_text]<\/p>\n<p style=\"text-align: center;\"><strong>Llave de Torque Hidr\u00e1ulica Cuadrante TSA-17MD<\/strong><\/p>\n<p style=\"text-align: center;\"><strong>Rango de Torque:<\/strong>\u00a01,640\u201417,502 Ft-lbs \u00a0(2,223\u201423,729 Nm)<br \/>\n<strong>Peso:<\/strong>\u00a024 Lb<\/p>\n<p>[\/vc_column_text][\/vc_column_inner][vc_column_inner width=&#8221;1\/5&#8243;][vc_single_image image=&#8221;13325&#8243; img_size=&#8221;full&#8221; alignment=&#8221;center&#8221;][vc_column_text]<\/p>\n<p style=\"text-align: center;\"><strong>Llave de Torque Hidr\u00e1ulica Cuadrante TSA-20IBT<\/strong><\/p>\n<p style=\"text-align: center;\"><strong>Rango de Torque:<\/strong>\u00a01,900\u201419,050 Ft-lbs \u00a0(2,576\u201425,828 Nm)<br \/>\n<strong>Peso:<\/strong>\u00a058 Lb<\/p>\n<p>[\/vc_column_text][\/vc_column_inner][vc_column_inner width=&#8221;1\/5&#8243;][vc_single_image image=&#8221;13326&#8243; img_size=&#8221;full&#8221; alignment=&#8221;center&#8221;][vc_column_text]<\/p>\n<p style=\"text-align: center;\"><strong>Llave de Torque Hidr\u00e1ulica Cuadrante TSA-25IBT<\/strong><\/p>\n<p style=\"text-align: center;\"><strong>Rango de Torque:<\/strong>\u00a02,455\u201424,500 Ft-lbs \u00a0(3,329\u201433,218 Nm)<br \/>\n<strong>Peso:\u00a0<\/strong>77 Lb<\/p>\n<p>[\/vc_column_text][\/vc_column_inner][vc_column_inner width=&#8221;1\/5&#8243;][vc_single_image image=&#8221;13327&#8243; img_size=&#8221;full&#8221; alignment=&#8221;center&#8221;][vc_column_text]<\/p>\n<p style=\"text-align: center;\"><strong>Llave de Torque Hidr\u00e1ulica Cuadrante TSA-35IBT<\/strong><\/p>\n<p style=\"text-align: center;\"><strong>Rango de Torque:<\/strong>\u00a03,440\u201434,400 Ft-lbs \u00a0(4,664\u201446,640 Nm)<br \/>\n<strong>Peso:\u00a0<\/strong>110 Lb<\/p>\n<p>[\/vc_column_text][\/vc_column_inner][\/vc_row_inner][\/vc_column][\/vc_row][vc_row][vc_column][vc_empty_space height=&#8221;60px&#8221;][vc_row_inner][vc_column_inner width=&#8221;1\/4&#8243;][vc_single_image image=&#8221;13559&#8243; alignment=&#8221;center&#8221; onclick=&#8221;custom_link&#8221; link=&#8221;http:\/\/www.radsuramerica.com\/index.php&#8221;][\/vc_column_inner][vc_column_inner width=&#8221;3\/4&#8243;][vc_column_text]<\/p>\n<p id=\"tw-target-text\" class=\"tw-data-text tw-text-large tw-ta\" dir=\"ltr\" style=\"text-align: center;\" data-placeholder=\"Traducci\u00f3n\"><strong><span lang=\"pt\">Para ferramentas de torque controlado do tipo pistola ou torqueadeiras, visite nosso site parceiro, RAD Am\u00e9rica do Sul.<br \/>\nTemos chaves pneum\u00e1ticas, el\u00e9tricas, digitais e de bateria para atender \u00e0s suas necessidades de portabilidade.<\/span><\/strong><\/p>\n<p>[\/vc_column_text][\/vc_column_inner][\/vc_row_inner][\/vc_column][\/vc_row]<\/p>\n<\/div>","protected":false},"excerpt":{"rendered":"<p>[vc_row][vc_column][vc_empty_space][vc_single_image image=&#8221;13913&#8243; img_size=&#8221;large&#8221; alignment=&#8221;center&#8221;][vc_row_inner equal_height=&#8221;yes&#8221; content_placement=&#8221;middle&#8221;][vc_column_inner][vc_column_text] Sistema de Gest\u00e3o da Integridade de Juntas Aparafusadas &#8220;Torq-Comm&#8221;. Tecnologia Revolucion\u00e1ria para Gerenciamento e Coleta de Dados nos Processos<\/p>\n","protected":false},"author":1,"featured_media":0,"parent":0,"menu_order":0,"comment_status":"closed","ping_status":"closed","template":"","meta":{"footnotes":""},"class_list":["post-13873","page","type-page","status-publish","hentry"],"_links":{"self":[{"href":"https:\/\/torsionxsuramerica.com\/por\/wp-json\/wp\/v2\/pages\/13873","targetHints":{"allow":["GET"]}}],"collection":[{"href":"https:\/\/torsionxsuramerica.com\/por\/wp-json\/wp\/v2\/pages"}],"about":[{"href":"https:\/\/torsionxsuramerica.com\/por\/wp-json\/wp\/v2\/types\/page"}],"author":[{"embeddable":true,"href":"https:\/\/torsionxsuramerica.com\/por\/wp-json\/wp\/v2\/users\/1"}],"replies":[{"embeddable":true,"href":"https:\/\/torsionxsuramerica.com\/por\/wp-json\/wp\/v2\/comments?post=13873"}],"version-history":[{"count":2,"href":"https:\/\/torsionxsuramerica.com\/por\/wp-json\/wp\/v2\/pages\/13873\/revisions"}],"predecessor-version":[{"id":14236,"href":"https:\/\/torsionxsuramerica.com\/por\/wp-json\/wp\/v2\/pages\/13873\/revisions\/14236"}],"wp:attachment":[{"href":"https:\/\/torsionxsuramerica.com\/por\/wp-json\/wp\/v2\/media?parent=13873"}],"curies":[{"name":"wp","href":"https:\/\/api.w.org\/{rel}","templated":true}]}}