{"id":13811,"date":"2020-04-02T14:07:05","date_gmt":"2020-04-02T12:07:05","guid":{"rendered":"https:\/\/torsionxsuramerica.com\/por\/?page_id=13811"},"modified":"2022-01-08T22:58:21","modified_gmt":"2022-01-08T21:58:21","slug":"ab-cart","status":"publish","type":"page","link":"https:\/\/torsionxsuramerica.com\/por\/ab-cart\/","title":{"rendered":"AB Cart"},"content":{"rendered":"<div class=\"wpb-content-wrapper\"><p>[vc_row][vc_column][vc_row_inner][vc_column_inner width=&#8221;1\/2&#8243;][vc_single_image image=&#8221;13812&#8243; img_size=&#8221;full&#8221; alignment=&#8221;center&#8221; onclick=&#8221;img_link_large&#8221;][\/vc_column_inner][vc_column_inner width=&#8221;1\/2&#8243;][vc_single_image image=&#8221;13883&#8243; img_size=&#8221;full&#8221; alignment=&#8221;center&#8221;][vc_column_text]<\/p>\n<p id=\"tw-target-text\" class=\"tw-data-text tw-text-large tw-ta\" dir=\"ltr\" style=\"text-align: center;\" data-placeholder=\"Traducci\u00f3n\"><strong><span lang=\"pt\">As ferramentas de torque hidr\u00e1ulica de perfil extra baixo da S\u00e9rie ABCART s\u00e3o projetadas para aplica\u00e7\u00f5es em espa\u00e7os confinados ou reduzidos. A s\u00e9rie ABCART usa cabe\u00e7otes hidr\u00e1ulicos Hexpro, Dispon\u00edveis com:<\/span><\/strong><\/p>\n<p>[\/vc_column_text][vc_empty_space height=&#8221;15px&#8221;]<a href=\"http:\/\/torsionxsuramerica.com\/por\/wp-content\/uploads\/2020\/04\/ABCART-Series-1.pdf\" title=\"\"  data-id=\"mpc_button-606a0912ad07f31\" class=\"mpc-button mpc-init mpc-transition mpc-typography--mpc_preset_20 \" ><div class=\"mpc-button__content mpc-effect-type--none mpc-effect-side--none\"><span class=\"mpc-button__title mpc-transition\">Baixar folheto<\/span><\/div><div class=\"mpc-button__background mpc-transition mpc-effect-type--slide mpc-effect-side--bottom\"><\/div><\/a>[vc_empty_space height=&#8221;15px&#8221;][\/vc_column_inner][\/vc_row_inner][\/vc_column][\/vc_row][vc_row full_width=&#8221;stretch_row_content_no_spaces&#8221;][vc_column]<div data-id=\"mpc_callout-176a0912ad08014\" class=\"mpc-callout mpc-init mpc-callout--style_5 \" ><div class=\"mpc-callout__content\"><h3 class=\"mpc-callout__heading\">Voc\u00ea est\u00e1 interessado neste produto?<\/h3><\/div><div class=\"mpc-callout__icon-wrap\"><div class=\"mpc-callout__icon\"><i class=\"mpc-transition \"><\/i><\/div><\/div><div class=\"mpc-callout__button\"><a href=\"http:\/\/torsionxsuramerica.com\/por\/contato\/\" title=\"\"  data-id=\"mpc_button-996a0912ad08051\" class=\"mpc-button mpc-init mpc-transition mpc-animation \"  data-animation-loop=\"callout.bounce||1550||1500\" data-animation-hover=\"1\"><div class=\"mpc-button__content mpc-effect-type--none mpc-effect-side--none\"><span class=\"mpc-button__title mpc-transition\">FA\u00c7A UM OR\u00c7AMENTO.<\/span><\/div><div class=\"mpc-button__background mpc-transition mpc-effect-type--expand mpc-effect-side--diagonal_left\"><\/div><\/a><\/div><\/div>[\/vc_column][\/vc_row][vc_row][vc_column][vc_empty_space height=&#8221;70px&#8221;][vc_column_text]<\/p>\n<h2 style=\"text-align: center;\">AB Cart Series<\/h2>\n<p><img loading=\"lazy\" decoding=\"async\" class=\"aligncenter wp-image-13927 size-full\" src=\"https:\/\/torsionxsuramerica.com\/por\/wp-content\/uploads\/2020\/04\/ab-2.jpg\" alt=\"\" width=\"1156\" height=\"576\" srcset=\"https:\/\/torsionxsuramerica.com\/por\/wp-content\/uploads\/2020\/04\/ab-2.jpg 1156w, https:\/\/torsionxsuramerica.com\/por\/wp-content\/uploads\/2020\/04\/ab-2-300x149.jpg 300w, https:\/\/torsionxsuramerica.com\/por\/wp-content\/uploads\/2020\/04\/ab-2-1024x510.jpg 1024w, https:\/\/torsionxsuramerica.com\/por\/wp-content\/uploads\/2020\/04\/ab-2-768x383.jpg 768w\" sizes=\"auto, (max-width: 1156px) 100vw, 1156px\" \/><\/p>\n<p><img loading=\"lazy\" decoding=\"async\" class=\"aligncenter wp-image-13928 size-full\" src=\"https:\/\/torsionxsuramerica.com\/por\/wp-content\/uploads\/2020\/04\/ab-1.jpg\" alt=\"\" width=\"1152\" height=\"486\" srcset=\"https:\/\/torsionxsuramerica.com\/por\/wp-content\/uploads\/2020\/04\/ab-1.jpg 1152w, https:\/\/torsionxsuramerica.com\/por\/wp-content\/uploads\/2020\/04\/ab-1-300x127.jpg 300w, https:\/\/torsionxsuramerica.com\/por\/wp-content\/uploads\/2020\/04\/ab-1-1024x432.jpg 1024w, https:\/\/torsionxsuramerica.com\/por\/wp-content\/uploads\/2020\/04\/ab-1-768x324.jpg 768w\" sizes=\"auto, (max-width: 1152px) 100vw, 1152px\" \/><\/p>\n<p><img loading=\"lazy\" decoding=\"async\" class=\"aligncenter wp-image-13929 size-full\" src=\"https:\/\/torsionxsuramerica.com\/por\/wp-content\/uploads\/2020\/04\/2HP-ABCart.jpg\" alt=\"\" width=\"400\" height=\"350\" srcset=\"https:\/\/torsionxsuramerica.com\/por\/wp-content\/uploads\/2020\/04\/2HP-ABCart.jpg 400w, https:\/\/torsionxsuramerica.com\/por\/wp-content\/uploads\/2020\/04\/2HP-ABCart-300x263.jpg 300w\" sizes=\"auto, (max-width: 400px) 100vw, 400px\" \/><img loading=\"lazy\" decoding=\"async\" class=\"aligncenter wp-image-13930 size-full\" src=\"https:\/\/torsionxsuramerica.com\/por\/wp-content\/uploads\/2020\/04\/4HP-ABCart.jpg\" alt=\"\" width=\"500\" height=\"400\" srcset=\"https:\/\/torsionxsuramerica.com\/por\/wp-content\/uploads\/2020\/04\/4HP-ABCart.jpg 500w, https:\/\/torsionxsuramerica.com\/por\/wp-content\/uploads\/2020\/04\/4HP-ABCart-300x240.jpg 300w\" sizes=\"auto, (max-width: 500px) 100vw, 500px\" \/>[\/vc_column_text][\/vc_column][\/vc_row][vc_row full_width=&#8221;stretch_row_content_no_spaces&#8221;][vc_column][vc_empty_space height=&#8221;70px&#8221;][\/vc_column][\/vc_row][vc_row full_width=&#8221;stretch_row_content_no_spaces&#8221;][vc_column][vc_separator style=&#8221;shadow&#8221; border_width=&#8221;9&#8243;][\/vc_column][\/vc_row][vc_row content_placement=&#8221;middle&#8221;][vc_column][vc_empty_space height=&#8221;40px&#8221;][vc_row_inner][vc_column_inner width=&#8221;1\/4&#8243;][vc_single_image image=&#8221;13559&#8243; alignment=&#8221;center&#8221; onclick=&#8221;custom_link&#8221; link=&#8221;http:\/\/www.radsuramerica.com\/index.php&#8221;][\/vc_column_inner][vc_column_inner width=&#8221;3\/4&#8243;][vc_column_text]<\/p>\n<p style=\"text-align: center;\"><strong>Para ferramentas de torque controlado do tipo pistola ou torqueadeiras, visite nosso site parceiro, RAD Am\u00e9rica do Sul. <\/strong><strong>Temos chaves pneum\u00e1ticas, el\u00e9tricas, digitais e de bateria para atender \u00e0s suas necessidades de portabilidade.<\/strong><\/p>\n<p>[\/vc_column_text][\/vc_column_inner][\/vc_row_inner][\/vc_column][\/vc_row]<\/p>\n<\/div>","protected":false},"excerpt":{"rendered":"<p>[vc_row][vc_column][vc_row_inner][vc_column_inner width=&#8221;1\/2&#8243;][vc_single_image image=&#8221;13812&#8243; img_size=&#8221;full&#8221; alignment=&#8221;center&#8221; onclick=&#8221;img_link_large&#8221;][\/vc_column_inner][vc_column_inner width=&#8221;1\/2&#8243;][vc_single_image image=&#8221;13883&#8243; img_size=&#8221;full&#8221; alignment=&#8221;center&#8221;][vc_column_text] As ferramentas de torque hidr\u00e1ulica de perfil extra baixo da S\u00e9rie ABCART s\u00e3o projetadas para<\/p>\n","protected":false},"author":1,"featured_media":0,"parent":0,"menu_order":0,"comment_status":"closed","ping_status":"closed","template":"","meta":{"footnotes":""},"class_list":["post-13811","page","type-page","status-publish","hentry"],"_links":{"self":[{"href":"https:\/\/torsionxsuramerica.com\/por\/wp-json\/wp\/v2\/pages\/13811","targetHints":{"allow":["GET"]}}],"collection":[{"href":"https:\/\/torsionxsuramerica.com\/por\/wp-json\/wp\/v2\/pages"}],"about":[{"href":"https:\/\/torsionxsuramerica.com\/por\/wp-json\/wp\/v2\/types\/page"}],"author":[{"embeddable":true,"href":"https:\/\/torsionxsuramerica.com\/por\/wp-json\/wp\/v2\/users\/1"}],"replies":[{"embeddable":true,"href":"https:\/\/torsionxsuramerica.com\/por\/wp-json\/wp\/v2\/comments?post=13811"}],"version-history":[{"count":4,"href":"https:\/\/torsionxsuramerica.com\/por\/wp-json\/wp\/v2\/pages\/13811\/revisions"}],"predecessor-version":[{"id":14246,"href":"https:\/\/torsionxsuramerica.com\/por\/wp-json\/wp\/v2\/pages\/13811\/revisions\/14246"}],"wp:attachment":[{"href":"https:\/\/torsionxsuramerica.com\/por\/wp-json\/wp\/v2\/media?parent=13811"}],"curies":[{"name":"wp","href":"https:\/\/api.w.org\/{rel}","templated":true}]}}