{"id":13618,"date":"2020-01-09T18:56:28","date_gmt":"2020-01-09T17:56:28","guid":{"rendered":"https:\/\/torsionxsuramerica.com\/por\/?page_id=13618"},"modified":"2021-12-07T15:14:13","modified_gmt":"2021-12-07T14:14:13","slug":"distribuidor-trinidad","status":"publish","type":"page","link":"https:\/\/torsionxsuramerica.com\/por\/distribuidor-trinidad\/","title":{"rendered":"Distribuidor Trinidad"},"content":{"rendered":"<div class=\"wpb-content-wrapper\"><p>[vc_row full_width=&#8221;stretch_row&#8221;][vc_column][vc_empty_space height=&#8221;20px&#8221;][vc_row_inner][vc_column_inner width=&#8221;2\/3&#8243;]<div id=\"ins-heading-6a0923bb5f7f9\" class=\"inv-section-heading-wrapper text-center position-relative   vc_custom_1638886355633\"><div class=\"inv-section-heading-title padding-15px-bottom\"><h3 style=\"color: #0a0606\"  class=\"ins-section-heading-title-inner no-margin text-capitalize font-weight-600\">Entre Em Contato Com A TorsionX SurAmerica<\/h3><\/div><\/div>[vc_column_text css=&#8221;.vc_custom_1638886430380{margin-top: 0px !important;padding-top: 0px !important;}&#8221;]<\/p>\n<p style=\"text-align: center;\">Voc\u00ea precisa de um or\u00e7amento ou informa\u00e7\u00f5es? Basta preencher o seguinte formul\u00e1rio e um representante entrar\u00e1 em contato com voc\u00ea.<\/p>\n<p>[\/vc_column_text][vc_empty_space height=&#8221;10px&#8221;]\n<div class=\"wpcf7 no-js\" id=\"wpcf7-f688-o1\" lang=\"en-US\" dir=\"ltr\" data-wpcf7-id=\"688\">\n<div class=\"screen-reader-response\"><p role=\"status\" aria-live=\"polite\" aria-atomic=\"true\"><\/p> <ul><\/ul><\/div>\n<form action=\"\/por\/wp-json\/wp\/v2\/pages\/13618#wpcf7-f688-o1\" method=\"post\" class=\"wpcf7-form init\" aria-label=\"Contact form\" novalidate=\"novalidate\" data-status=\"init\">\n<fieldset class=\"hidden-fields-container\"><input type=\"hidden\" name=\"_wpcf7\" value=\"688\" \/><input type=\"hidden\" name=\"_wpcf7_version\" value=\"6.1.6\" \/><input type=\"hidden\" name=\"_wpcf7_locale\" value=\"en_US\" \/><input type=\"hidden\" name=\"_wpcf7_unit_tag\" value=\"wpcf7-f688-o1\" \/><input type=\"hidden\" name=\"_wpcf7_container_post\" value=\"0\" \/><input type=\"hidden\" name=\"_wpcf7_posted_data_hash\" value=\"\" \/><input type=\"hidden\" name=\"_wpcf7_recaptcha_response\" value=\"\" \/>\n<\/fieldset>\n<div class=\"inv-contact-form-three\">\n\t<div class=\"col-md-12 col-sm-12 inv-contact-form-three-inner\">\n\t\t<p><span class=\"wpcf7-form-control-wrap\" data-name=\"text-590\"><input size=\"40\" maxlength=\"400\" class=\"wpcf7-form-control wpcf7-text inv-contact-form-three-field\" aria-invalid=\"false\" placeholder=\"Cidade \/ Pa\u00eds\" value=\"\" type=\"text\" name=\"text-590\" \/><\/span>\n\t\t<\/p>\n\t<\/div>\n\t<div class=\"col-md-12 col-sm-12 inv-contact-form-three-inner\">\n\t\t<p><span class=\"wpcf7-form-control-wrap\" data-name=\"fname\"><input size=\"40\" maxlength=\"400\" class=\"wpcf7-form-control wpcf7-text inv-contact-form-three-field\" aria-invalid=\"false\" placeholder=\"Nome completo\" value=\"\" type=\"text\" name=\"fname\" \/><\/span>\n\t\t<\/p>\n\t<\/div>\n\t<div class=\"col-md-12 col-sm-12 inv-contact-form-three-inner\">\n\t\t<p><span class=\"wpcf7-form-control-wrap\" data-name=\"subject\"><input size=\"40\" maxlength=\"400\" class=\"wpcf7-form-control wpcf7-text inv-contact-form-three-field\" aria-invalid=\"false\" placeholder=\"Empresa\" value=\"\" type=\"text\" name=\"subject\" \/><\/span>\n\t\t<\/p>\n\t<\/div>\n\t<div class=\"col-md-12 col-sm-12 inv-contact-form-three-inner\">\n\t\t<p><span class=\"wpcf7-form-control-wrap\" data-name=\"email\"><input size=\"40\" maxlength=\"400\" class=\"wpcf7-form-control wpcf7-email wpcf7-validates-as-required wpcf7-text wpcf7-validates-as-email inv-contact-form-three-field\" aria-required=\"true\" aria-invalid=\"false\" placeholder=\"Correo electr\u00f3nico\" value=\"\" type=\"email\" name=\"email\" \/><\/span>\n\t\t<\/p>\n\t<\/div>\n\t<div class=\"col-md-12 col-sm-12 inv-contact-form-three-inner\">\n\t\t<p><span class=\"wpcf7-form-control-wrap\" data-name=\"tel\"><input size=\"40\" maxlength=\"400\" class=\"wpcf7-form-control wpcf7-tel wpcf7-text wpcf7-validates-as-tel inv-contact-form-three-field\" aria-invalid=\"false\" placeholder=\"Telefone\" value=\"\" type=\"tel\" name=\"tel\" \/><\/span>\n\t\t<\/p>\n\t<\/div>\n\t<div class=\"col-md-12 col-sm-12 inv-contact-form-three-inner\">\n\t\t<p><span class=\"wpcf7-form-control-wrap\" data-name=\"rubro\"><select class=\"wpcf7-form-control wpcf7-select\" aria-invalid=\"false\" name=\"rubro\"><option value=\"Ind\u00fastria\">Ind\u00fastria<\/option><option value=\"Minera\u00e7\u00e3o\">Minera\u00e7\u00e3o<\/option><option value=\"Energ\u00eda e\u00f3lica\">Energ\u00eda e\u00f3lica<\/option><option value=\"Oil &amp; Gas\">Oil &amp; Gas<\/option><option value=\"Constru\u00e7\u00e3o\">Constru\u00e7\u00e3o<\/option><option value=\"Petroqu\u00edmica\">Petroqu\u00edmica<\/option><option value=\"Automotivo\">Automotivo<\/option><option value=\"Outra\">Outra<\/option><\/select><\/span>\n\t\t<\/p>\n\t<\/div>\n\t<div class=\"col-md-12 col-sm-12 inv-contact-form-three-inner\">\n\t\t<p><span class=\"wpcf7-form-control-wrap\" data-name=\"message\"><textarea cols=\"40\" rows=\"4\" maxlength=\"2000\" class=\"wpcf7-form-control wpcf7-textarea inv-contact-form-three-field\" aria-invalid=\"false\" placeholder=\"Mensagem\" name=\"message\"><\/textarea><\/span>\n\t\t<\/p>\n\t<\/div>\n\t<p><span class=\"wpcf7-form-control-wrap\" data-name=\"checkbox-794\"><span class=\"wpcf7-form-control wpcf7-checkbox\"><span class=\"wpcf7-list-item first last\"><input type=\"checkbox\" name=\"checkbox-794[]\" value=\"Gostaria de receber uma c\u00f3pia do cat\u00e1logo de produtos TorsionX.\" \/><span class=\"wpcf7-list-item-label\">Gostaria de receber uma c\u00f3pia do cat\u00e1logo de produtos TorsionX.<\/span><\/span><\/span><\/span>\n\t<\/p>\n\t<div class=\"col-md-12 col-sm-12 inv-contact-form-three-btn\">\n\t<span class=\"wpcf7-form-control-wrap recaptcha\" data-name=\"recaptcha\"><span data-sitekey=\"6Le6YSceAAAAAFbRGwDdVh_Wy1EDCl3f82_rYgHt\" class=\"wpcf7-form-control wpcf7-recaptcha g-recaptcha\"><\/span>\r\n<noscript>\r\n\t<div class=\"grecaptcha-noscript\">\r\n\t\t<iframe loading=\"lazy\" src=\"https:\/\/www.google.com\/recaptcha\/api\/fallback?k=6Le6YSceAAAAAFbRGwDdVh_Wy1EDCl3f82_rYgHt\" frameborder=\"0\" scrolling=\"no\" width=\"310\" height=\"430\">\r\n\t\t<\/iframe>\r\n\t\t<textarea name=\"g-recaptcha-response\" rows=\"3\" cols=\"40\" placeholder=\"reCaptcha Response Here\">\r\n\t\t<\/textarea>\r\n\t<\/div>\r\n<\/noscript>\r\n<\/span>\n\t<\/div>\n\t<div class=\"col-md-12 col-sm-12 inv-contact-form-three-btn\">\n\t\t<p><input class=\"wpcf7-form-control wpcf7-submit has-spinner insignia-button\" type=\"submit\" value=\"Enviar\" \/>\n\t\t<\/p>\n\t<\/div>\n<\/div><input type='hidden' class='wpcf7-pum' value='{\"closepopup\":false,\"closedelay\":0,\"openpopup\":false,\"openpopup_id\":0}' \/><div class=\"wpcf7-response-output\" aria-hidden=\"true\"><\/div>\n<\/form>\n<\/div>\n[\/vc_column_inner][vc_column_inner width=&#8221;1\/3&#8243;][vc_single_image image=&#8221;13365&#8243; alignment=&#8221;center&#8221; css=&#8221;.vc_custom_1588622138072{padding-top: 20px !important;}&#8221;][vc_column_text]<\/p>\n<p style=\"text-align: center;\">Trinidad y Tobago<\/p>\n<p style=\"text-align: center;\"><strong>Jeff Rodriguez<\/strong><br \/>\nCel\/Whatsapp: +1 720-662-2252<br \/>\nE-Mail:\u00a0<a href=\"mailto:info@torsionxsuramerica.com\">info@torsionxsuramerica.com<\/a><\/p>\n<p>[\/vc_column_text][\/vc_column_inner][\/vc_row_inner][\/vc_column][\/vc_row][vc_row][vc_column][vc_empty_space][\/vc_column][\/vc_row]<\/p>\n<\/div>","protected":false},"excerpt":{"rendered":"<p>[vc_row full_width=&#8221;stretch_row&#8221;][vc_column][vc_empty_space height=&#8221;20px&#8221;][vc_row_inner][vc_column_inner width=&#8221;2\/3&#8243;][vc_column_text css=&#8221;.vc_custom_1638886430380{margin-top: 0px !important;padding-top: 0px !important;}&#8221;] Voc\u00ea precisa de um or\u00e7amento ou informa\u00e7\u00f5es? Basta preencher o seguinte formul\u00e1rio e um representante entrar\u00e1<\/p>\n","protected":false},"author":1,"featured_media":0,"parent":0,"menu_order":0,"comment_status":"closed","ping_status":"closed","template":"","meta":{"footnotes":""},"class_list":["post-13618","page","type-page","status-publish","hentry"],"_links":{"self":[{"href":"https:\/\/torsionxsuramerica.com\/por\/wp-json\/wp\/v2\/pages\/13618","targetHints":{"allow":["GET"]}}],"collection":[{"href":"https:\/\/torsionxsuramerica.com\/por\/wp-json\/wp\/v2\/pages"}],"about":[{"href":"https:\/\/torsionxsuramerica.com\/por\/wp-json\/wp\/v2\/types\/page"}],"author":[{"embeddable":true,"href":"https:\/\/torsionxsuramerica.com\/por\/wp-json\/wp\/v2\/users\/1"}],"replies":[{"embeddable":true,"href":"https:\/\/torsionxsuramerica.com\/por\/wp-json\/wp\/v2\/comments?post=13618"}],"version-history":[{"count":2,"href":"https:\/\/torsionxsuramerica.com\/por\/wp-json\/wp\/v2\/pages\/13618\/revisions"}],"predecessor-version":[{"id":14200,"href":"https:\/\/torsionxsuramerica.com\/por\/wp-json\/wp\/v2\/pages\/13618\/revisions\/14200"}],"wp:attachment":[{"href":"https:\/\/torsionxsuramerica.com\/por\/wp-json\/wp\/v2\/media?parent=13618"}],"curies":[{"name":"wp","href":"https:\/\/api.w.org\/{rel}","templated":true}]}}