{"id":13385,"date":"2020-01-02T16:55:27","date_gmt":"2020-01-02T15:55:27","guid":{"rendered":"https:\/\/torsionxsuramerica.com\/por\/?page_id=13385"},"modified":"2021-12-07T15:23:55","modified_gmt":"2021-12-07T14:23:55","slug":"guia-de-torque","status":"publish","type":"page","link":"https:\/\/torsionxsuramerica.com\/por\/guia-de-torque\/","title":{"rendered":"Gu\u00eda de Torque"},"content":{"rendered":"<div class=\"wpb-content-wrapper\"><p>[vc_row full_width=&#8221;stretch_row&#8221;][vc_column][vc_empty_space height=&#8221;20px&#8221;][vc_row_inner][vc_column_inner width=&#8221;1\/6&#8243;][\/vc_column_inner][vc_column_inner width=&#8221;2\/3&#8243;][vc_column_text css=&#8221;.vc_custom_1638886945777{margin-top: 0px !important;padding-top: 0px !important;}&#8221;]<\/p>\n<p id=\"yui_3_17_2_1_1577978941230_186\" style=\"text-align: center;\"><strong>Torque recomendado para os parafusos B7 (ASTM A193) com base no desempenho de 50%<\/strong><\/p>\n<p style=\"text-align: center;\"><strong>Nota<\/strong>: Estas s\u00e3o apenas diretrizes. Consulte as especifica\u00e7\u00f5es do fabricante ou seu departamento de engenharia para obter as especifica\u00e7\u00f5es de sua empresa.<\/p>\n<p>[\/vc_column_text][vc_empty_space height=&#8221;10px&#8221;][\/vc_column_inner][vc_column_inner width=&#8221;1\/6&#8243;][\/vc_column_inner][\/vc_row_inner][\/vc_column][\/vc_row][vc_row el_class=&#8221;table-responsive&#8221;][vc_column][vc_column_text]<\/p>\n<table id=\"yui_3_17_2_1_1577978941230_169\" class=\"tftable\" style=\"overflow-x: scroll; overflow: auto;\" border=\"1\">\n<tbody id=\"yui_3_17_2_1_1577978941230_168\">\n<tr id=\"yui_3_17_2_1_1577978941230_194\">\n<th id=\"yui_3_17_2_1_1577978941230_193\" style=\"text-align: center;\">Di\u00e2metro do parafuso<\/th>\n<th id=\"yui_3_17_2_1_1577978941230_271\" style=\"text-align: center;\">Tamanho do sextavado da porca (AF)<\/th>\n<th id=\"yui_3_17_2_1_1577978941230_273\" style=\"text-align: center;\">Lubrificado com cobre, grafite ou outro lubrificante compar\u00e1vel *; Coeficiente de atrito = 0,100 (valores em lb-p\u00e9s)<\/th>\n<th id=\"yui_3_17_2_1_1577978941230_275\" style=\"text-align: center;\">A\u00e7o sobre a\u00e7o, seco, sem lubrificante, coeficiente de atrito = 0,400 (valores em lb-ft)<\/th>\n<\/tr>\n<tr id=\"yui_3_17_2_1_1577978941230_176\">\n<td style=\"text-align: center;\">3\/4&#8243;<\/td>\n<td style=\"text-align: center;\">1-1\/4&#8243;<\/td>\n<td style=\"text-align: center;\">157<\/td>\n<td id=\"yui_3_17_2_1_1577978941230_175\" style=\"text-align: center;\">559<\/td>\n<\/tr>\n<tr id=\"yui_3_17_2_1_1577978941230_206\">\n<td id=\"yui_3_17_2_1_1577978941230_205\" style=\"text-align: center;\">7\/8&#8243;<\/td>\n<td style=\"text-align: center;\">1-7\/16&#8243;<\/td>\n<td style=\"text-align: center;\">250<\/td>\n<td style=\"text-align: center;\">893<\/td>\n<\/tr>\n<tr id=\"yui_3_17_2_1_1577978941230_209\">\n<td id=\"yui_3_17_2_1_1577978941230_208\" style=\"text-align: center;\">1&#8243;<\/td>\n<td style=\"text-align: center;\">1-5\/8&#8243;<\/td>\n<td style=\"text-align: center;\">373<\/td>\n<td style=\"text-align: center;\">1.332<\/td>\n<\/tr>\n<tr id=\"yui_3_17_2_1_1577978941230_212\">\n<td id=\"yui_3_17_2_1_1577978941230_211\" style=\"text-align: center;\">1-1\/8&#8243;<\/td>\n<td style=\"text-align: center;\">1-13\/16&#8243;<\/td>\n<td style=\"text-align: center;\">538<\/td>\n<td style=\"text-align: center;\">1.994<\/td>\n<\/tr>\n<tr id=\"yui_3_17_2_1_1577978941230_215\">\n<td id=\"yui_3_17_2_1_1577978941230_214\" style=\"text-align: center;\">1-1\/4&#8243;<\/td>\n<td style=\"text-align: center;\">2&#8243;<\/td>\n<td style=\"text-align: center;\">746<\/td>\n<td style=\"text-align: center;\">2.720<\/td>\n<\/tr>\n<tr id=\"yui_3_17_2_1_1577978941230_218\">\n<td id=\"yui_3_17_2_1_1577978941230_217\" style=\"text-align: center;\">1-3\/8&#8243;<\/td>\n<td style=\"text-align: center;\">2-3\/16&#8243;<\/td>\n<td style=\"text-align: center;\">1.000<\/td>\n<td style=\"text-align: center;\">3.678<\/td>\n<\/tr>\n<tr id=\"yui_3_17_2_1_1577978941230_221\">\n<td id=\"yui_3_17_2_1_1577978941230_220\" style=\"text-align: center;\">1-1\/2&#8243;<\/td>\n<td style=\"text-align: center;\">2-3\/8&#8243;<\/td>\n<td style=\"text-align: center;\">1.307<\/td>\n<td style=\"text-align: center;\">4.837<\/td>\n<\/tr>\n<tr id=\"yui_3_17_2_1_1577978941230_224\">\n<td id=\"yui_3_17_2_1_1577978941230_223\" style=\"text-align: center;\">1-5\/8&#8243;<\/td>\n<td style=\"text-align: center;\">2-9\/16&#8243;<\/td>\n<td style=\"text-align: center;\">1.682<\/td>\n<td style=\"text-align: center;\">6.260<\/td>\n<\/tr>\n<tr id=\"yui_3_17_2_1_1577978941230_227\">\n<td id=\"yui_3_17_2_1_1577978941230_226\" style=\"text-align: center;\">1-3\/4&#8243;<\/td>\n<td style=\"text-align: center;\">2-3\/4&#8243;<\/td>\n<td style=\"text-align: center;\">2.109<\/td>\n<td style=\"text-align: center;\">7.888<\/td>\n<\/tr>\n<tr id=\"yui_3_17_2_1_1577978941230_230\">\n<td id=\"yui_3_17_2_1_1577978941230_229\" style=\"text-align: center;\">1-7\/8&#8243;<\/td>\n<td style=\"text-align: center;\">2-15\/16&#8243;<\/td>\n<td style=\"text-align: center;\">2.602<\/td>\n<td style=\"text-align: center;\">9.775<\/td>\n<\/tr>\n<tr id=\"yui_3_17_2_1_1577978941230_233\">\n<td id=\"yui_3_17_2_1_1577978941230_232\" style=\"text-align: center;\">2&#8243;<\/td>\n<td style=\"text-align: center;\">3-1\/8&#8243;<\/td>\n<td style=\"text-align: center;\">3.167<\/td>\n<td style=\"text-align: center;\">11.942<\/td>\n<\/tr>\n<tr id=\"yui_3_17_2_1_1577978941230_236\">\n<td id=\"yui_3_17_2_1_1577978941230_235\" style=\"text-align: center;\">2-1\/8&#8243;<\/td>\n<td style=\"text-align: center;\">3-5\/16&#8243;<\/td>\n<td style=\"text-align: center;\">3.809<\/td>\n<td style=\"text-align: center;\">14.408<\/td>\n<\/tr>\n<tr id=\"yui_3_17_2_1_1577978941230_239\">\n<td id=\"yui_3_17_2_1_1577978941230_238\" style=\"text-align: center;\">2-1\/4&#8243;<\/td>\n<td style=\"text-align: center;\">3-1\/2&#8243;<\/td>\n<td style=\"text-align: center;\">4.531<\/td>\n<td style=\"text-align: center;\">17.191<\/td>\n<\/tr>\n<tr id=\"yui_3_17_2_1_1577978941230_242\">\n<td id=\"yui_3_17_2_1_1577978941230_241\" style=\"text-align: center;\">2-3\/8&#8243;<\/td>\n<td style=\"text-align: center;\">3-11\/16&#8243;<\/td>\n<td style=\"text-align: center;\">5.339<\/td>\n<td style=\"text-align: center;\">20.310<\/td>\n<\/tr>\n<tr id=\"yui_3_17_2_1_1577978941230_245\">\n<td id=\"yui_3_17_2_1_1577978941230_244\" style=\"text-align: center;\">2-1\/2&#8243;<\/td>\n<td style=\"text-align: center;\">3-7\/8&#8243;<\/td>\n<td style=\"text-align: center;\">6.238<\/td>\n<td style=\"text-align: center;\">23.786<\/td>\n<\/tr>\n<tr id=\"yui_3_17_2_1_1577978941230_248\">\n<td id=\"yui_3_17_2_1_1577978941230_247\" style=\"text-align: center;\">2-3\/4&#8243;<\/td>\n<td style=\"text-align: center;\">4-1\/4&#8243;<\/td>\n<td style=\"text-align: center;\">7.533<\/td>\n<td style=\"text-align: center;\">28.846<\/td>\n<\/tr>\n<tr id=\"yui_3_17_2_1_1577978941230_251\">\n<td id=\"yui_3_17_2_1_1577978941230_250\" style=\"text-align: center;\">3&#8243;<\/td>\n<td style=\"text-align: center;\">4-5\/8&#8243;<\/td>\n<td style=\"text-align: center;\">9.803<\/td>\n<td style=\"text-align: center;\">37.670<\/td>\n<\/tr>\n<tr id=\"yui_3_17_2_1_1577978941230_254\">\n<td id=\"yui_3_17_2_1_1577978941230_253\" style=\"text-align: center;\">3-1\/4&#8243;<\/td>\n<td style=\"text-align: center;\">5&#8243;<\/td>\n<td style=\"text-align: center;\">12.488<\/td>\n<td style=\"text-align: center;\">48.129<\/td>\n<\/tr>\n<tr id=\"yui_3_17_2_1_1577978941230_260\">\n<td id=\"yui_3_17_2_1_1577978941230_259\" style=\"text-align: center;\">3-1\/2&#8243;<\/td>\n<td style=\"text-align: center;\">5-3\/8&#8243;<\/td>\n<td style=\"text-align: center;\">15.622<\/td>\n<td style=\"text-align: center;\">60.365<\/td>\n<\/tr>\n<tr id=\"yui_3_17_2_1_1577978941230_258\">\n<td id=\"yui_3_17_2_1_1577978941230_257\" style=\"text-align: center;\">3-3\/4&#8243;<\/td>\n<td style=\"text-align: center;\">5-3\/4&#8243;<\/td>\n<td style=\"text-align: center;\">19.241<\/td>\n<td style=\"text-align: center;\">74.516<\/td>\n<\/tr>\n<tr id=\"yui_3_17_2_1_1577978941230_263\">\n<td id=\"yui_3_17_2_1_1577978941230_262\" style=\"text-align: center;\">4&#8243;<\/td>\n<td style=\"text-align: center;\">6-1\/8&#8243;<\/td>\n<td style=\"text-align: center;\">22.162<\/td>\n<td style=\"text-align: center;\">86.146<\/td>\n<\/tr>\n<tr id=\"yui_3_17_2_1_1577978941230_202\">\n<td id=\"yui_3_17_2_1_1577978941230_201\" style=\"text-align: center;\">4-1\/4&#8243;<\/td>\n<td style=\"text-align: center;\">6-1\/2&#8243;<\/td>\n<td style=\"text-align: center;\">23.337<\/td>\n<td style=\"text-align: center;\">90.720<\/td>\n<\/tr>\n<tr id=\"yui_3_17_2_1_1577978941230_265\">\n<td id=\"yui_3_17_2_1_1577978941230_264\" style=\"text-align: center;\">4-1\/2&#8243;<\/td>\n<td style=\"text-align: center;\">6-7\/8&#8243;<\/td>\n<td style=\"text-align: center;\">26.332<\/td>\n<td style=\"text-align: center;\">102.513<\/td>\n<\/tr>\n<tr id=\"yui_3_17_2_1_1577978941230_268\">\n<td id=\"yui_3_17_2_1_1577978941230_267\" style=\"text-align: center;\">4-3\/4&#8243;<\/td>\n<td style=\"text-align: center;\">7-1\/4&#8243;<\/td>\n<td style=\"text-align: center;\">30.994<\/td>\n<td style=\"text-align: center;\">120.831<\/td>\n<\/tr>\n<tr id=\"yui_3_17_2_1_1577978941230_198\">\n<td id=\"yui_3_17_2_1_1577978941230_197\" style=\"text-align: center;\">5&#8243;<\/td>\n<td style=\"text-align: center;\">7-5\/8&#8243;<\/td>\n<td style=\"text-align: center;\">36.176<\/td>\n<td style=\"text-align: center;\">141.210<\/td>\n<\/tr>\n<\/tbody>\n<\/table>\n<p>[\/vc_column_text][vc_empty_space height=&#8221;20px&#8221;][vc_column_text css=&#8221;.vc_custom_1638887028906{margin-top: 0px !important;padding-top: 0px !important;}&#8221;]<\/p>\n<p id=\"tw-target-text\" class=\"tw-data-text tw-text-large tw-ta\" dir=\"ltr\" style=\"text-align: center;\" data-placeholder=\"Traducci\u00f3n\"><strong><span lang=\"pt\">* A porca e a rosca devem ser lubrificadas.<br \/>\n<\/span><\/strong><\/p>\n<p>[\/vc_column_text][\/vc_column][\/vc_row][vc_row][vc_column][vc_empty_space height=&#8221;20px&#8221;][\/vc_column][\/vc_row]<\/p>\n<\/div>","protected":false},"excerpt":{"rendered":"<p>[vc_row full_width=&#8221;stretch_row&#8221;][vc_column][vc_empty_space height=&#8221;20px&#8221;][vc_row_inner][vc_column_inner width=&#8221;1\/6&#8243;][\/vc_column_inner][vc_column_inner width=&#8221;2\/3&#8243;][vc_column_text css=&#8221;.vc_custom_1638886945777{margin-top: 0px !important;padding-top: 0px !important;}&#8221;] Torque recomendado para os parafusos B7 (ASTM A193) com base no desempenho de 50% Nota:<\/p>\n","protected":false},"author":1,"featured_media":0,"parent":0,"menu_order":0,"comment_status":"closed","ping_status":"closed","template":"","meta":{"footnotes":""},"class_list":["post-13385","page","type-page","status-publish","hentry"],"_links":{"self":[{"href":"https:\/\/torsionxsuramerica.com\/por\/wp-json\/wp\/v2\/pages\/13385","targetHints":{"allow":["GET"]}}],"collection":[{"href":"https:\/\/torsionxsuramerica.com\/por\/wp-json\/wp\/v2\/pages"}],"about":[{"href":"https:\/\/torsionxsuramerica.com\/por\/wp-json\/wp\/v2\/types\/page"}],"author":[{"embeddable":true,"href":"https:\/\/torsionxsuramerica.com\/por\/wp-json\/wp\/v2\/users\/1"}],"replies":[{"embeddable":true,"href":"https:\/\/torsionxsuramerica.com\/por\/wp-json\/wp\/v2\/comments?post=13385"}],"version-history":[{"count":2,"href":"https:\/\/torsionxsuramerica.com\/por\/wp-json\/wp\/v2\/pages\/13385\/revisions"}],"predecessor-version":[{"id":14209,"href":"https:\/\/torsionxsuramerica.com\/por\/wp-json\/wp\/v2\/pages\/13385\/revisions\/14209"}],"wp:attachment":[{"href":"https:\/\/torsionxsuramerica.com\/por\/wp-json\/wp\/v2\/media?parent=13385"}],"curies":[{"name":"wp","href":"https:\/\/api.w.org\/{rel}","templated":true}]}}